{"id":5315,"date":"2025-03-28T11:26:04","date_gmt":"2025-03-28T14:26:04","guid":{"rendered":"https:\/\/brunaelizabethsemijoias.com\/?post_type=product&#038;p=5315"},"modified":"2025-03-28T11:27:53","modified_gmt":"2025-03-28T14:27:53","slug":"conjunto-dourado-infantil-nuvem","status":"publish","type":"product","link":"https:\/\/brunaelizabethsemijoias.com\/?product=conjunto-dourado-infantil-nuvem","title":{"rendered":"Conjunto dourado infantil nuvem"},"content":{"rendered":"<p>Conjunto banhado a ouro 18k, com nuvem esmaltada. Brinco tarraxa baby.<\/p>\n<p>O material base consiste em uma liga met\u00e1lica de cobre e zinco e recebe o banho de ouro, acrescentamos tamb\u00e9m um verniz de prote\u00e7\u00e3o que garante uma durabilidade maior da pe\u00e7a. As pe\u00e7as n\u00e3o possuem n\u00edquel em sua composi\u00e7\u00e3o e utilizamos tamb\u00e9m uma camada antial\u00e9rgica.<\/p>\n<p>&nbsp;<\/p>\n<p>TAMANHO DA CORRENTE: 34 CM<\/p>\n<p>&nbsp;<\/p>\n","protected":false},"excerpt":{"rendered":"<p>R$3X33,00<\/p>\n","protected":false},"featured_media":5300,"comment_status":"open","ping_status":"closed","template":"","meta":[],"product_brand":[],"product_cat":[94,113,109,110],"product_tag":[166,187,123],"class_list":{"0":"post-5315","1":"product","2":"type-product","3":"status-publish","4":"has-post-thumbnail","6":"product_cat-conjuntos","7":"product_cat-infantil","8":"product_cat-lancamentos","9":"product_cat-linhas","10":"product_tag-conjunto","11":"product_tag-infantil","12":"product_tag-lancamentos","14":"first","15":"instock","16":"shipping-taxable","17":"purchasable","18":"product-type-simple"},"_links":{"self":[{"href":"https:\/\/brunaelizabethsemijoias.com\/index.php?rest_route=\/wp\/v2\/product\/5315","targetHints":{"allow":["GET"]}}],"collection":[{"href":"https:\/\/brunaelizabethsemijoias.com\/index.php?rest_route=\/wp\/v2\/product"}],"about":[{"href":"https:\/\/brunaelizabethsemijoias.com\/index.php?rest_route=\/wp\/v2\/types\/product"}],"replies":[{"embeddable":true,"href":"https:\/\/brunaelizabethsemijoias.com\/index.php?rest_route=%2Fwp%2Fv2%2Fcomments&post=5315"}],"wp:featuredmedia":[{"embeddable":true,"href":"https:\/\/brunaelizabethsemijoias.com\/index.php?rest_route=\/wp\/v2\/media\/5300"}],"wp:attachment":[{"href":"https:\/\/brunaelizabethsemijoias.com\/index.php?rest_route=%2Fwp%2Fv2%2Fmedia&parent=5315"}],"wp:term":[{"taxonomy":"product_brand","embeddable":true,"href":"https:\/\/brunaelizabethsemijoias.com\/index.php?rest_route=%2Fwp%2Fv2%2Fproduct_brand&post=5315"},{"taxonomy":"product_cat","embeddable":true,"href":"https:\/\/brunaelizabethsemijoias.com\/index.php?rest_route=%2Fwp%2Fv2%2Fproduct_cat&post=5315"},{"taxonomy":"product_tag","embeddable":true,"href":"https:\/\/brunaelizabethsemijoias.com\/index.php?rest_route=%2Fwp%2Fv2%2Fproduct_tag&post=5315"}],"curies":[{"name":"wp","href":"https:\/\/api.w.org\/{rel}","templated":true}]}}