{"id":5201,"date":"2025-03-19T16:46:56","date_gmt":"2025-03-19T19:46:56","guid":{"rendered":"https:\/\/brunaelizabethsemijoias.com\/?post_type=product&#038;p=5201"},"modified":"2025-03-19T17:15:45","modified_gmt":"2025-03-19T20:15:45","slug":"brinco-dourado-ear-hook-quartzo-rosa","status":"publish","type":"product","link":"https:\/\/brunaelizabethsemijoias.com\/?product=brinco-dourado-ear-hook-quartzo-rosa","title":{"rendered":"Brinco dourado ear hook quartzo rosa"},"content":{"rendered":"<p>Brinco banho de ouro 18k, com pedra natural quartzo rosa.<\/p>\n<p>O material base consiste em uma liga met\u00e1lica de cobre e zinco e recebe o banho de ouro, acrescentamos tamb\u00e9m um verniz de prote\u00e7\u00e3o que garante uma durabilidade maior da pe\u00e7a. Nossas pe\u00e7as n\u00e3o possuem o n\u00edquel em sua composi\u00e7\u00e3o e utilizamos tamb\u00e9m uma camada antial\u00e9rgica.<\/p>\n","protected":false},"excerpt":{"rendered":"<p>R$3&#215;35,00<\/p>\n","protected":false},"featured_media":5128,"comment_status":"open","ping_status":"closed","template":"","meta":[],"product_brand":[],"product_cat":[78,83,109,110,121,85],"product_tag":[165,123,127],"class_list":{"0":"post-5201","1":"product","2":"type-product","3":"status-publish","4":"has-post-thumbnail","6":"product_cat-brincos","7":"product_cat-earhook","8":"product_cat-lancamentos","9":"product_cat-linhas","10":"product_cat-pedrasnaturais-linhas","11":"product_cat-pedrasnaturais-brincos","12":"product_tag-brinco","13":"product_tag-lancamentos","14":"product_tag-pedrasnaturais","16":"first","17":"instock","18":"shipping-taxable","19":"purchasable","20":"product-type-simple"},"_links":{"self":[{"href":"https:\/\/brunaelizabethsemijoias.com\/index.php?rest_route=\/wp\/v2\/product\/5201","targetHints":{"allow":["GET"]}}],"collection":[{"href":"https:\/\/brunaelizabethsemijoias.com\/index.php?rest_route=\/wp\/v2\/product"}],"about":[{"href":"https:\/\/brunaelizabethsemijoias.com\/index.php?rest_route=\/wp\/v2\/types\/product"}],"replies":[{"embeddable":true,"href":"https:\/\/brunaelizabethsemijoias.com\/index.php?rest_route=%2Fwp%2Fv2%2Fcomments&post=5201"}],"wp:featuredmedia":[{"embeddable":true,"href":"https:\/\/brunaelizabethsemijoias.com\/index.php?rest_route=\/wp\/v2\/media\/5128"}],"wp:attachment":[{"href":"https:\/\/brunaelizabethsemijoias.com\/index.php?rest_route=%2Fwp%2Fv2%2Fmedia&parent=5201"}],"wp:term":[{"taxonomy":"product_brand","embeddable":true,"href":"https:\/\/brunaelizabethsemijoias.com\/index.php?rest_route=%2Fwp%2Fv2%2Fproduct_brand&post=5201"},{"taxonomy":"product_cat","embeddable":true,"href":"https:\/\/brunaelizabethsemijoias.com\/index.php?rest_route=%2Fwp%2Fv2%2Fproduct_cat&post=5201"},{"taxonomy":"product_tag","embeddable":true,"href":"https:\/\/brunaelizabethsemijoias.com\/index.php?rest_route=%2Fwp%2Fv2%2Fproduct_tag&post=5201"}],"curies":[{"name":"wp","href":"https:\/\/api.w.org\/{rel}","templated":true}]}}