{"id":4854,"date":"2024-12-11T16:48:50","date_gmt":"2024-12-11T19:48:50","guid":{"rendered":"https:\/\/brunaelizabethsemijoias.com\/?post_type=product&#038;p=4854"},"modified":"2024-12-12T16:30:15","modified_gmt":"2024-12-12T19:30:15","slug":"presilha-dourada-com-pedra-natural","status":"publish","type":"product","link":"https:\/\/brunaelizabethsemijoias.com\/?product=presilha-dourada-com-pedra-natural","title":{"rendered":"Presilha dourada com pedra natural quartzo verde"},"content":{"rendered":"<p>Presilha banhada a ouro 18k, com pedra natural.<\/p>\n<p>O material base consiste em uma liga met\u00e1lica de cobre e zinco e recebe o banho de ouro, acrescentamos tamb\u00e9m um verniz de prote\u00e7\u00e3o que garante uma durabilidade maior da pe\u00e7a. As pe\u00e7as n\u00e3o possuem n\u00edquel em sua composi\u00e7\u00e3o e utilizamos tamb\u00e9m uma camada antial\u00e9rgica.<\/p>\n<p>&nbsp;<\/p>\n","protected":false},"excerpt":{"rendered":"<p>R$3&#215;26,00<\/p>\n","protected":false},"featured_media":4855,"comment_status":"open","ping_status":"closed","template":"","meta":[],"product_brand":[],"product_cat":[109,110,121,104],"product_tag":[123,167],"class_list":{"0":"post-4854","1":"product","2":"type-product","3":"status-publish","4":"has-post-thumbnail","6":"product_cat-lancamentos","7":"product_cat-linhas","8":"product_cat-pedrasnaturais-linhas","9":"product_cat-presilhas","10":"product_tag-lancamentos","11":"product_tag-pedra-natural","13":"first","14":"instock","15":"shipping-taxable","16":"purchasable","17":"product-type-simple"},"_links":{"self":[{"href":"https:\/\/brunaelizabethsemijoias.com\/index.php?rest_route=\/wp\/v2\/product\/4854","targetHints":{"allow":["GET"]}}],"collection":[{"href":"https:\/\/brunaelizabethsemijoias.com\/index.php?rest_route=\/wp\/v2\/product"}],"about":[{"href":"https:\/\/brunaelizabethsemijoias.com\/index.php?rest_route=\/wp\/v2\/types\/product"}],"replies":[{"embeddable":true,"href":"https:\/\/brunaelizabethsemijoias.com\/index.php?rest_route=%2Fwp%2Fv2%2Fcomments&post=4854"}],"wp:featuredmedia":[{"embeddable":true,"href":"https:\/\/brunaelizabethsemijoias.com\/index.php?rest_route=\/wp\/v2\/media\/4855"}],"wp:attachment":[{"href":"https:\/\/brunaelizabethsemijoias.com\/index.php?rest_route=%2Fwp%2Fv2%2Fmedia&parent=4854"}],"wp:term":[{"taxonomy":"product_brand","embeddable":true,"href":"https:\/\/brunaelizabethsemijoias.com\/index.php?rest_route=%2Fwp%2Fv2%2Fproduct_brand&post=4854"},{"taxonomy":"product_cat","embeddable":true,"href":"https:\/\/brunaelizabethsemijoias.com\/index.php?rest_route=%2Fwp%2Fv2%2Fproduct_cat&post=4854"},{"taxonomy":"product_tag","embeddable":true,"href":"https:\/\/brunaelizabethsemijoias.com\/index.php?rest_route=%2Fwp%2Fv2%2Fproduct_tag&post=4854"}],"curies":[{"name":"wp","href":"https:\/\/api.w.org\/{rel}","templated":true}]}}