{"id":4615,"date":"2024-12-04T11:37:42","date_gmt":"2024-12-04T14:37:42","guid":{"rendered":"https:\/\/brunaelizabethsemijoias.com\/?post_type=product&#038;p=4615"},"modified":"2024-12-04T11:40:14","modified_gmt":"2024-12-04T14:40:14","slug":"anel-dourado-solitario-cravejado-tam-14","status":"publish","type":"product","link":"https:\/\/brunaelizabethsemijoias.com\/?product=anel-dourado-solitario-cravejado-tam-14","title":{"rendered":"Anel dourado solit\u00e1rio cravejado tam. 14"},"content":{"rendered":"<p>Anel banhado a ouro 18k solit\u00e1rio cravejado.<\/p>\n<p>O material base consiste em uma liga met\u00e1lica de cobre e zinco e recebe o banho de ouro, acrescentamos tamb\u00e9m um verniz de prote\u00e7\u00e3o que garante uma durabilidade maior da pe\u00e7a. As pe\u00e7as n\u00e3o possuem n\u00edquel em sua composi\u00e7\u00e3o e utilizamos tamb\u00e9m uma camada antial\u00e9rgica.<\/p>\n<p>TAMANHO DO ANEL: 14<\/p>\n","protected":false},"excerpt":{"rendered":"<p>R$3X22,00<\/p>\n","protected":false},"featured_media":4613,"comment_status":"open","ping_status":"closed","template":"","meta":[],"product_brand":[],"product_cat":[69,109,71],"product_tag":[196,123],"class_list":{"0":"post-4615","1":"product","2":"type-product","3":"status-publish","4":"has-post-thumbnail","6":"product_cat-aneis","7":"product_cat-lancamentos","8":"product_cat-solitarios","9":"product_tag-anel","10":"product_tag-lancamentos","12":"first","13":"instock","14":"shipping-taxable","15":"purchasable","16":"product-type-simple"},"_links":{"self":[{"href":"https:\/\/brunaelizabethsemijoias.com\/index.php?rest_route=\/wp\/v2\/product\/4615","targetHints":{"allow":["GET"]}}],"collection":[{"href":"https:\/\/brunaelizabethsemijoias.com\/index.php?rest_route=\/wp\/v2\/product"}],"about":[{"href":"https:\/\/brunaelizabethsemijoias.com\/index.php?rest_route=\/wp\/v2\/types\/product"}],"replies":[{"embeddable":true,"href":"https:\/\/brunaelizabethsemijoias.com\/index.php?rest_route=%2Fwp%2Fv2%2Fcomments&post=4615"}],"wp:featuredmedia":[{"embeddable":true,"href":"https:\/\/brunaelizabethsemijoias.com\/index.php?rest_route=\/wp\/v2\/media\/4613"}],"wp:attachment":[{"href":"https:\/\/brunaelizabethsemijoias.com\/index.php?rest_route=%2Fwp%2Fv2%2Fmedia&parent=4615"}],"wp:term":[{"taxonomy":"product_brand","embeddable":true,"href":"https:\/\/brunaelizabethsemijoias.com\/index.php?rest_route=%2Fwp%2Fv2%2Fproduct_brand&post=4615"},{"taxonomy":"product_cat","embeddable":true,"href":"https:\/\/brunaelizabethsemijoias.com\/index.php?rest_route=%2Fwp%2Fv2%2Fproduct_cat&post=4615"},{"taxonomy":"product_tag","embeddable":true,"href":"https:\/\/brunaelizabethsemijoias.com\/index.php?rest_route=%2Fwp%2Fv2%2Fproduct_tag&post=4615"}],"curies":[{"name":"wp","href":"https:\/\/api.w.org\/{rel}","templated":true}]}}