{"id":4562,"date":"2024-12-03T15:15:35","date_gmt":"2024-12-03T18:15:35","guid":{"rendered":"https:\/\/brunaelizabethsemijoias.com\/?post_type=product&#038;p=4562"},"modified":"2024-12-03T15:17:42","modified_gmt":"2024-12-03T18:17:42","slug":"porta-joias-tamanho-p-com-ziper-azul-claro","status":"publish","type":"product","link":"https:\/\/brunaelizabethsemijoias.com\/?product=porta-joias-tamanho-p-com-ziper-azul-claro","title":{"rendered":"Porta joias tamanho P com z\u00edper azul claro"},"content":{"rendered":"<p>Porta joias tamanho P com z\u00edper em courino azul claro, por dentro divis\u00f3rias em veludo azul claro.<\/p>\n","protected":false},"excerpt":{"rendered":"<p>R$ 3&#215;30,00<\/p>\n","protected":false},"featured_media":4549,"comment_status":"open","ping_status":"closed","template":"","meta":[],"product_brand":[],"product_cat":[200,215,107,109],"product_tag":[228],"class_list":{"0":"post-4562","1":"product","2":"type-product","3":"status-publish","4":"has-post-thumbnail","6":"product_cat-diversos-2","7":"product_cat-outros","8":"product_cat-diversos","9":"product_cat-lancamentos","10":"product_tag-porta-joias","12":"first","13":"instock","14":"shipping-taxable","15":"purchasable","16":"product-type-simple"},"_links":{"self":[{"href":"https:\/\/brunaelizabethsemijoias.com\/index.php?rest_route=\/wp\/v2\/product\/4562","targetHints":{"allow":["GET"]}}],"collection":[{"href":"https:\/\/brunaelizabethsemijoias.com\/index.php?rest_route=\/wp\/v2\/product"}],"about":[{"href":"https:\/\/brunaelizabethsemijoias.com\/index.php?rest_route=\/wp\/v2\/types\/product"}],"replies":[{"embeddable":true,"href":"https:\/\/brunaelizabethsemijoias.com\/index.php?rest_route=%2Fwp%2Fv2%2Fcomments&post=4562"}],"wp:featuredmedia":[{"embeddable":true,"href":"https:\/\/brunaelizabethsemijoias.com\/index.php?rest_route=\/wp\/v2\/media\/4549"}],"wp:attachment":[{"href":"https:\/\/brunaelizabethsemijoias.com\/index.php?rest_route=%2Fwp%2Fv2%2Fmedia&parent=4562"}],"wp:term":[{"taxonomy":"product_brand","embeddable":true,"href":"https:\/\/brunaelizabethsemijoias.com\/index.php?rest_route=%2Fwp%2Fv2%2Fproduct_brand&post=4562"},{"taxonomy":"product_cat","embeddable":true,"href":"https:\/\/brunaelizabethsemijoias.com\/index.php?rest_route=%2Fwp%2Fv2%2Fproduct_cat&post=4562"},{"taxonomy":"product_tag","embeddable":true,"href":"https:\/\/brunaelizabethsemijoias.com\/index.php?rest_route=%2Fwp%2Fv2%2Fproduct_tag&post=4562"}],"curies":[{"name":"wp","href":"https:\/\/api.w.org\/{rel}","templated":true}]}}