{"id":4561,"date":"2024-12-03T15:13:43","date_gmt":"2024-12-03T18:13:43","guid":{"rendered":"https:\/\/brunaelizabethsemijoias.com\/?post_type=product&#038;p=4561"},"modified":"2024-12-03T15:15:10","modified_gmt":"2024-12-03T18:15:10","slug":"porta-joias-tamanho-p-com-ziper-grafite","status":"publish","type":"product","link":"https:\/\/brunaelizabethsemijoias.com\/?product=porta-joias-tamanho-p-com-ziper-grafite","title":{"rendered":"Porta joias tamanho P com z\u00edper grafite"},"content":{"rendered":"<p>Porta joias tamanho P com z\u00edper em courino grafite, por dentro divis\u00f3rias em veludo bege.<\/p>\n","protected":false},"excerpt":{"rendered":"<p>R$ 3&#215;30,00<\/p>\n","protected":false},"featured_media":4551,"comment_status":"open","ping_status":"closed","template":"","meta":[],"product_brand":[],"product_cat":[200,215,107,109],"product_tag":[228],"class_list":{"0":"post-4561","1":"product","2":"type-product","3":"status-publish","4":"has-post-thumbnail","6":"product_cat-diversos-2","7":"product_cat-outros","8":"product_cat-diversos","9":"product_cat-lancamentos","10":"product_tag-porta-joias","12":"first","13":"instock","14":"shipping-taxable","15":"purchasable","16":"product-type-simple"},"_links":{"self":[{"href":"https:\/\/brunaelizabethsemijoias.com\/index.php?rest_route=\/wp\/v2\/product\/4561","targetHints":{"allow":["GET"]}}],"collection":[{"href":"https:\/\/brunaelizabethsemijoias.com\/index.php?rest_route=\/wp\/v2\/product"}],"about":[{"href":"https:\/\/brunaelizabethsemijoias.com\/index.php?rest_route=\/wp\/v2\/types\/product"}],"replies":[{"embeddable":true,"href":"https:\/\/brunaelizabethsemijoias.com\/index.php?rest_route=%2Fwp%2Fv2%2Fcomments&post=4561"}],"wp:featuredmedia":[{"embeddable":true,"href":"https:\/\/brunaelizabethsemijoias.com\/index.php?rest_route=\/wp\/v2\/media\/4551"}],"wp:attachment":[{"href":"https:\/\/brunaelizabethsemijoias.com\/index.php?rest_route=%2Fwp%2Fv2%2Fmedia&parent=4561"}],"wp:term":[{"taxonomy":"product_brand","embeddable":true,"href":"https:\/\/brunaelizabethsemijoias.com\/index.php?rest_route=%2Fwp%2Fv2%2Fproduct_brand&post=4561"},{"taxonomy":"product_cat","embeddable":true,"href":"https:\/\/brunaelizabethsemijoias.com\/index.php?rest_route=%2Fwp%2Fv2%2Fproduct_cat&post=4561"},{"taxonomy":"product_tag","embeddable":true,"href":"https:\/\/brunaelizabethsemijoias.com\/index.php?rest_route=%2Fwp%2Fv2%2Fproduct_tag&post=4561"}],"curies":[{"name":"wp","href":"https:\/\/api.w.org\/{rel}","templated":true}]}}