{"id":3172,"date":"2024-05-02T15:12:09","date_gmt":"2024-05-02T18:12:09","guid":{"rendered":"https:\/\/brunaelizabethsemijoias.com\/?post_type=product&#038;p=3172"},"modified":"2024-12-03T08:57:51","modified_gmt":"2024-12-03T11:57:51","slug":"colar-com-pingente-de-coracao-2-meninas","status":"publish","type":"product","link":"https:\/\/brunaelizabethsemijoias.com\/?product=colar-com-pingente-de-coracao-2-meninas","title":{"rendered":"Colar com pingente de cora\u00e7\u00e3o 2 meninas"},"content":{"rendered":"<p>Colar banhado a ouro 18k com pingente de cora\u00e7\u00e3o cravejado com zirc\u00f4nias e caneta de r\u00f3dio, com duas meninas tamb\u00e9m cravejadas com zirc\u00f4nia rosa.<\/p>\n<p>O material base consiste em uma liga met\u00e1lica de cobre e zinco e recebe o banho de ouro, acrescentamos tamb\u00e9m um verniz de prote\u00e7\u00e3o que garante uma durabilidade maior da pe\u00e7a. Nossas pe\u00e7as n\u00e3o possuem o n\u00edquel em sua composi\u00e7\u00e3o e utilizamos tamb\u00e9m uma camada antial\u00e9rgica.<\/p>\n<p>TAMANHO DA CORRENTE: 45CM + 5CM<\/p>\n","protected":false},"excerpt":{"rendered":"<p>R$3X50,00<\/p>\n","protected":false},"featured_media":3161,"comment_status":"open","ping_status":"closed","template":"","meta":[],"product_brand":[],"product_cat":[86,88,92,100,109,110,114],"product_tag":[154,158,153,152,126,151,123,156,155],"class_list":{"0":"post-3172","1":"product","2":"type-product","3":"status-publish","4":"has-post-thumbnail","6":"product_cat-colares","7":"product_cat-compingente","8":"product_cat-filhos","9":"product_cat-filhos-pingentes","10":"product_cat-lancamentos","11":"product_cat-linhas","12":"product_cat-mamae","13":"product_tag-colar","14":"product_tag-coracao","15":"product_tag-corrente","16":"product_tag-dia-das-maes","17":"product_tag-dourado","18":"product_tag-filho","19":"product_tag-lancamentos","20":"product_tag-menina","21":"product_tag-menino","23":"first","24":"instock","25":"shipping-taxable","26":"purchasable","27":"product-type-simple"},"_links":{"self":[{"href":"https:\/\/brunaelizabethsemijoias.com\/index.php?rest_route=\/wp\/v2\/product\/3172","targetHints":{"allow":["GET"]}}],"collection":[{"href":"https:\/\/brunaelizabethsemijoias.com\/index.php?rest_route=\/wp\/v2\/product"}],"about":[{"href":"https:\/\/brunaelizabethsemijoias.com\/index.php?rest_route=\/wp\/v2\/types\/product"}],"replies":[{"embeddable":true,"href":"https:\/\/brunaelizabethsemijoias.com\/index.php?rest_route=%2Fwp%2Fv2%2Fcomments&post=3172"}],"wp:featuredmedia":[{"embeddable":true,"href":"https:\/\/brunaelizabethsemijoias.com\/index.php?rest_route=\/wp\/v2\/media\/3161"}],"wp:attachment":[{"href":"https:\/\/brunaelizabethsemijoias.com\/index.php?rest_route=%2Fwp%2Fv2%2Fmedia&parent=3172"}],"wp:term":[{"taxonomy":"product_brand","embeddable":true,"href":"https:\/\/brunaelizabethsemijoias.com\/index.php?rest_route=%2Fwp%2Fv2%2Fproduct_brand&post=3172"},{"taxonomy":"product_cat","embeddable":true,"href":"https:\/\/brunaelizabethsemijoias.com\/index.php?rest_route=%2Fwp%2Fv2%2Fproduct_cat&post=3172"},{"taxonomy":"product_tag","embeddable":true,"href":"https:\/\/brunaelizabethsemijoias.com\/index.php?rest_route=%2Fwp%2Fv2%2Fproduct_tag&post=3172"}],"curies":[{"name":"wp","href":"https:\/\/api.w.org\/{rel}","templated":true}]}}