{"id":3134,"date":"2024-05-02T14:04:29","date_gmt":"2024-05-02T17:04:29","guid":{"rendered":"https:\/\/brunaelizabethsemijoias.com\/?post_type=product&#038;p=3134"},"modified":"2024-12-03T08:58:15","modified_gmt":"2024-12-03T11:58:15","slug":"colar-com-pingente-de-menina-g-2","status":"publish","type":"product","link":"https:\/\/brunaelizabethsemijoias.com\/?product=colar-com-pingente-de-menina-g-2","title":{"rendered":"Colar com pingente de menina G"},"content":{"rendered":"<p>Colar banhado a r\u00f3dio branco com pingente de menina com cabelo amarrado cravejado em zirc\u00f4nias.<\/p>\n<p>O material base consiste em uma liga met\u00e1lica de cobre e zinco e recebe o banho, acrescentamos tamb\u00e9m um verniz de prote\u00e7\u00e3o que garante uma durabilidade maior da pe\u00e7a. Nossas pe\u00e7as n\u00e3o possuem o n\u00edquel em sua composi\u00e7\u00e3o e utilizamos tamb\u00e9m uma camada antial\u00e9rgica.<\/p>\n<p>&nbsp;<\/p>\n<p>TAMANHO DA CORRENTE: 45CM + 5CM<\/p>\n","protected":false},"excerpt":{"rendered":"<p>R$3X35,00<\/p>\n","protected":false},"featured_media":3119,"comment_status":"open","ping_status":"closed","template":"","meta":[],"product_brand":[],"product_cat":[86,88,92,100,114],"product_tag":[154,153,152,126,151,156,155],"class_list":{"0":"post-3134","1":"product","2":"type-product","3":"status-publish","4":"has-post-thumbnail","6":"product_cat-colares","7":"product_cat-compingente","8":"product_cat-filhos","9":"product_cat-filhos-pingentes","10":"product_cat-mamae","11":"product_tag-colar","12":"product_tag-corrente","13":"product_tag-dia-das-maes","14":"product_tag-dourado","15":"product_tag-filho","16":"product_tag-menina","17":"product_tag-menino","19":"first","20":"instock","21":"shipping-taxable","22":"purchasable","23":"product-type-simple"},"_links":{"self":[{"href":"https:\/\/brunaelizabethsemijoias.com\/index.php?rest_route=\/wp\/v2\/product\/3134","targetHints":{"allow":["GET"]}}],"collection":[{"href":"https:\/\/brunaelizabethsemijoias.com\/index.php?rest_route=\/wp\/v2\/product"}],"about":[{"href":"https:\/\/brunaelizabethsemijoias.com\/index.php?rest_route=\/wp\/v2\/types\/product"}],"replies":[{"embeddable":true,"href":"https:\/\/brunaelizabethsemijoias.com\/index.php?rest_route=%2Fwp%2Fv2%2Fcomments&post=3134"}],"wp:featuredmedia":[{"embeddable":true,"href":"https:\/\/brunaelizabethsemijoias.com\/index.php?rest_route=\/wp\/v2\/media\/3119"}],"wp:attachment":[{"href":"https:\/\/brunaelizabethsemijoias.com\/index.php?rest_route=%2Fwp%2Fv2%2Fmedia&parent=3134"}],"wp:term":[{"taxonomy":"product_brand","embeddable":true,"href":"https:\/\/brunaelizabethsemijoias.com\/index.php?rest_route=%2Fwp%2Fv2%2Fproduct_brand&post=3134"},{"taxonomy":"product_cat","embeddable":true,"href":"https:\/\/brunaelizabethsemijoias.com\/index.php?rest_route=%2Fwp%2Fv2%2Fproduct_cat&post=3134"},{"taxonomy":"product_tag","embeddable":true,"href":"https:\/\/brunaelizabethsemijoias.com\/index.php?rest_route=%2Fwp%2Fv2%2Fproduct_tag&post=3134"}],"curies":[{"name":"wp","href":"https:\/\/api.w.org\/{rel}","templated":true}]}}