{"id":5,"date":"2015-03-17T11:18:18","date_gmt":"2015-03-17T11:18:18","guid":{"rendered":"https:\/\/brunaelizabethsemijoias.com\/cart\/"},"modified":"2024-04-01T22:09:55","modified_gmt":"2024-04-02T01:09:55","slug":"cart","status":"publish","type":"page","link":"https:\/\/brunaelizabethsemijoias.com\/?page_id=5","title":{"rendered":"Carrinho"},"content":{"rendered":"<div class=\"woocommerce\"><div class=\"woocommerce-notices-wrapper\"><\/div>\n<form class=\"woocommerce-cart-form\" action=\"https:\/\/brunaelizabethsemijoias.com\/?page_id=5\" method=\"post\">\n\t\n\t<table class=\"shop_table shop_table_responsive cart woocommerce-cart-form__contents\" cellspacing=\"0\">\n\t\t<thead>\n\t\t\t<tr>\n\t\t\t\t<th class=\"product-thumbnail\">&nbsp;<\/th>\n\t\t\t\t<th class=\"product-name\">Produto<\/th>\n\t\t\t\t<th class=\"product-price\">Pre\u00e7o<\/th>\n\t\t\t\t<th class=\"product-quantity\">Quantidade<\/th>\n\t\t\t\t<th class=\"product-subtotal\">Subtotal<\/th>\n\t\t\t\t<th class=\"product-remove\">&nbsp;<\/th>\n\t\t\t<\/tr>\n\t\t<\/thead>\n\t\t<tbody>\n\t\t\t\n\t\t\t\t\t\t\t\t<tr class=\"woocommerce-cart-form__cart-item cart_item\">\n\n\t\t\t\t\t\t<td class=\"product-thumbnail\">\n\t\t\t\t\t\t<a href=\"https:\/\/brunaelizabethsemijoias.com\/?product=corrente-dourada-malha-rabo-de-rato\"><img fetchpriority=\"high\" decoding=\"async\" width=\"800\" height=\"800\" src=\"https:\/\/brunaelizabethsemijoias.com\/wp-content\/uploads\/2025\/04\/WhatsApp-Image-2025-04-03-at-10.05.29-2-800x800.jpeg\" class=\"attachment-woocommerce_thumbnail size-woocommerce_thumbnail\" alt=\"Corrente dourada malha rabo de rato\" srcset=\"https:\/\/brunaelizabethsemijoias.com\/wp-content\/uploads\/2025\/04\/WhatsApp-Image-2025-04-03-at-10.05.29-2-800x800.jpeg 800w, https:\/\/brunaelizabethsemijoias.com\/wp-content\/uploads\/2025\/04\/WhatsApp-Image-2025-04-03-at-10.05.29-2-300x300.jpeg 300w, https:\/\/brunaelizabethsemijoias.com\/wp-content\/uploads\/2025\/04\/WhatsApp-Image-2025-04-03-at-10.05.29-2-1024x1024.jpeg 1024w, https:\/\/brunaelizabethsemijoias.com\/wp-content\/uploads\/2025\/04\/WhatsApp-Image-2025-04-03-at-10.05.29-2-150x150.jpeg 150w, https:\/\/brunaelizabethsemijoias.com\/wp-content\/uploads\/2025\/04\/WhatsApp-Image-2025-04-03-at-10.05.29-2-768x768.jpeg 768w, https:\/\/brunaelizabethsemijoias.com\/wp-content\/uploads\/2025\/04\/WhatsApp-Image-2025-04-03-at-10.05.29-2-146x146.jpeg 146w, https:\/\/brunaelizabethsemijoias.com\/wp-content\/uploads\/2025\/04\/WhatsApp-Image-2025-04-03-at-10.05.29-2-50x50.jpeg 50w, https:\/\/brunaelizabethsemijoias.com\/wp-content\/uploads\/2025\/04\/WhatsApp-Image-2025-04-03-at-10.05.29-2-75x75.jpeg 75w, https:\/\/brunaelizabethsemijoias.com\/wp-content\/uploads\/2025\/04\/WhatsApp-Image-2025-04-03-at-10.05.29-2-85x85.jpeg 85w, https:\/\/brunaelizabethsemijoias.com\/wp-content\/uploads\/2025\/04\/WhatsApp-Image-2025-04-03-at-10.05.29-2-80x80.jpeg 80w, https:\/\/brunaelizabethsemijoias.com\/wp-content\/uploads\/2025\/04\/WhatsApp-Image-2025-04-03-at-10.05.29-2.jpeg 1394w\" sizes=\"(max-width: 800px) 100vw, 800px\" \/><\/a>\t\t\t\t\t\t<\/td>\n\n\t\t\t\t\t\t<td class=\"product-name\" data-title=\"Produto\">\n\t\t\t\t\t\t<a href=\"https:\/\/brunaelizabethsemijoias.com\/?product=corrente-dourada-malha-rabo-de-rato\">Corrente dourada malha rabo de rato<\/a>\t\t\t\t\t\t<\/td>\n\n\t\t\t\t\t\t<td class=\"product-price\" data-title=\"Pre\u00e7o\">\n\t\t\t\t\t\t\t<span class=\"woocommerce-Price-amount amount\"><bdi><span class=\"woocommerce-Price-currencySymbol\">&#82;&#36;<\/span>&nbsp;120,00<\/bdi><\/span>\t\t\t\t\t\t<\/td>\n\n\t\t\t\t\t\t<td class=\"product-quantity\" data-title=\"Quantidade\">\n\t\t\t\t\t\t<div class=\"quantity\">\n\t<a href=\"#\" class=\"quantity-change minus\"><i class=\"icon-minus\" aria-label=\"quantity minus icon\"><\/i><\/a>\t<label class=\"screen-reader-text\" for=\"quantity_6a01fd3ec3a95\">Corrente dourada malha rabo de rato quantidade<\/label>\n\t<input\n\t\ttype=\"number\"\n\t\t\t\tid=\"quantity_6a01fd3ec3a95\"\n\t\tclass=\"input-text qty text\"\n\t\tname=\"cart[c900ced7451da79502d29aa37ebb7b60][qty]\"\n\t\tvalue=\"1\"\n\t\taria-label=\"Quantidade de produto\"\n\t\t\t\tmin=\"0\"\n\t\t\t\t\tmax=\"1\"\n\t\t\t\t\t\t\tstep=\"1\"\n\t\t\tplaceholder=\"\"\n\t\t\tinputmode=\"numeric\"\n\t\t\tautocomplete=\"off\"\n\t\t\t\/>\n\t<a href=\"#\" class=\"quantity-change plus\"><i class=\"icon-plus\" aria-label=\"quantity plus icon\"><\/i><\/a><\/div>\n\t\t\t\t\t\t<\/td>\n\n\t\t\t\t\t\t<td class=\"product-subtotal\" data-title=\"Total\">\n\t\t\t\t\t\t\t<span class=\"woocommerce-Price-amount amount\"><bdi><span class=\"woocommerce-Price-currencySymbol\">&#82;&#36;<\/span>&nbsp;120,00<\/bdi><\/span>\t\t\t\t\t\t<\/td>\n\n\t\t\t\t\t\t<td class=\"product-remove\">\n\t\t\t\t\t\t\t<a href=\"https:\/\/brunaelizabethsemijoias.com\/?page_id=5&#038;remove_item=c900ced7451da79502d29aa37ebb7b60&#038;_wpnonce=8fa2eeb0fd\" class=\"remove mfn-close-icon\" aria-label=\"Remove this item\" data-product_id=\"5490\" data-product_sku=\"620320\"><span class=\"icon\">&#10005;<\/span><\/a>\t\t\t\t\t\t<\/td>\n\n\t\t\t\t\t<\/tr>\n\t\t\t\t\t\t\t\t\t\t<tr class=\"woocommerce-cart-form__cart-item cart_item\">\n\n\t\t\t\t\t\t<td class=\"product-thumbnail\">\n\t\t\t\t\t\t<a href=\"https:\/\/brunaelizabethsemijoias.com\/?product=colar-infantil-banho-prata-coracoes-e-bolinhas-coloridas\"><img decoding=\"async\" width=\"800\" height=\"800\" src=\"https:\/\/brunaelizabethsemijoias.com\/wp-content\/uploads\/2024\/12\/Imagem-do-WhatsApp-de-2024-12-12-as-08.28.25_da81d7f8-800x800.jpg\" class=\"attachment-woocommerce_thumbnail size-woocommerce_thumbnail\" alt=\"Colar infantil banho prata cora\u00e7\u00f5es e bolinhas coloridas\" srcset=\"https:\/\/brunaelizabethsemijoias.com\/wp-content\/uploads\/2024\/12\/Imagem-do-WhatsApp-de-2024-12-12-as-08.28.25_da81d7f8-800x800.jpg 800w, https:\/\/brunaelizabethsemijoias.com\/wp-content\/uploads\/2024\/12\/Imagem-do-WhatsApp-de-2024-12-12-as-08.28.25_da81d7f8-300x300.jpg 300w, https:\/\/brunaelizabethsemijoias.com\/wp-content\/uploads\/2024\/12\/Imagem-do-WhatsApp-de-2024-12-12-as-08.28.25_da81d7f8-1024x1024.jpg 1024w, https:\/\/brunaelizabethsemijoias.com\/wp-content\/uploads\/2024\/12\/Imagem-do-WhatsApp-de-2024-12-12-as-08.28.25_da81d7f8-150x150.jpg 150w, https:\/\/brunaelizabethsemijoias.com\/wp-content\/uploads\/2024\/12\/Imagem-do-WhatsApp-de-2024-12-12-as-08.28.25_da81d7f8-768x768.jpg 768w, https:\/\/brunaelizabethsemijoias.com\/wp-content\/uploads\/2024\/12\/Imagem-do-WhatsApp-de-2024-12-12-as-08.28.25_da81d7f8-1536x1536.jpg 1536w, https:\/\/brunaelizabethsemijoias.com\/wp-content\/uploads\/2024\/12\/Imagem-do-WhatsApp-de-2024-12-12-as-08.28.25_da81d7f8-146x146.jpg 146w, https:\/\/brunaelizabethsemijoias.com\/wp-content\/uploads\/2024\/12\/Imagem-do-WhatsApp-de-2024-12-12-as-08.28.25_da81d7f8-50x50.jpg 50w, https:\/\/brunaelizabethsemijoias.com\/wp-content\/uploads\/2024\/12\/Imagem-do-WhatsApp-de-2024-12-12-as-08.28.25_da81d7f8-75x75.jpg 75w, https:\/\/brunaelizabethsemijoias.com\/wp-content\/uploads\/2024\/12\/Imagem-do-WhatsApp-de-2024-12-12-as-08.28.25_da81d7f8-85x85.jpg 85w, https:\/\/brunaelizabethsemijoias.com\/wp-content\/uploads\/2024\/12\/Imagem-do-WhatsApp-de-2024-12-12-as-08.28.25_da81d7f8-80x80.jpg 80w, https:\/\/brunaelizabethsemijoias.com\/wp-content\/uploads\/2024\/12\/Imagem-do-WhatsApp-de-2024-12-12-as-08.28.25_da81d7f8.jpg 1600w\" sizes=\"(max-width: 800px) 100vw, 800px\" \/><\/a>\t\t\t\t\t\t<\/td>\n\n\t\t\t\t\t\t<td class=\"product-name\" data-title=\"Produto\">\n\t\t\t\t\t\t<a href=\"https:\/\/brunaelizabethsemijoias.com\/?product=colar-infantil-banho-prata-coracoes-e-bolinhas-coloridas\">Colar infantil banho prata cora\u00e7\u00f5es e bolinhas coloridas<\/a>\t\t\t\t\t\t<\/td>\n\n\t\t\t\t\t\t<td class=\"product-price\" data-title=\"Pre\u00e7o\">\n\t\t\t\t\t\t\t<span class=\"woocommerce-Price-amount amount\"><bdi><span class=\"woocommerce-Price-currencySymbol\">&#82;&#36;<\/span>&nbsp;117,00<\/bdi><\/span>\t\t\t\t\t\t<\/td>\n\n\t\t\t\t\t\t<td class=\"product-quantity\" data-title=\"Quantidade\">\n\t\t\t\t\t\t<div class=\"quantity\">\n\t<a href=\"#\" class=\"quantity-change minus\"><i class=\"icon-minus\" aria-label=\"quantity minus icon\"><\/i><\/a>\t<label class=\"screen-reader-text\" for=\"quantity_6a01fd3ec413a\">Colar infantil banho prata cora\u00e7\u00f5es e bolinhas coloridas quantidade<\/label>\n\t<input\n\t\ttype=\"number\"\n\t\t\t\tid=\"quantity_6a01fd3ec413a\"\n\t\tclass=\"input-text qty text\"\n\t\tname=\"cart[e9257036daf20f062a498aab563d7712][qty]\"\n\t\tvalue=\"1\"\n\t\taria-label=\"Quantidade de produto\"\n\t\t\t\tmin=\"0\"\n\t\t\t\t\tmax=\"1\"\n\t\t\t\t\t\t\tstep=\"1\"\n\t\t\tplaceholder=\"\"\n\t\t\tinputmode=\"numeric\"\n\t\t\tautocomplete=\"off\"\n\t\t\t\/>\n\t<a href=\"#\" class=\"quantity-change plus\"><i class=\"icon-plus\" aria-label=\"quantity plus icon\"><\/i><\/a><\/div>\n\t\t\t\t\t\t<\/td>\n\n\t\t\t\t\t\t<td class=\"product-subtotal\" data-title=\"Total\">\n\t\t\t\t\t\t\t<span class=\"woocommerce-Price-amount amount\"><bdi><span class=\"woocommerce-Price-currencySymbol\">&#82;&#36;<\/span>&nbsp;117,00<\/bdi><\/span>\t\t\t\t\t\t<\/td>\n\n\t\t\t\t\t\t<td class=\"product-remove\">\n\t\t\t\t\t\t\t<a href=\"https:\/\/brunaelizabethsemijoias.com\/?page_id=5&#038;remove_item=e9257036daf20f062a498aab563d7712&#038;_wpnonce=8fa2eeb0fd\" class=\"remove mfn-close-icon\" aria-label=\"Remove this item\" data-product_id=\"4891\" data-product_sku=\"620364\"><span class=\"icon\">&#10005;<\/span><\/a>\t\t\t\t\t\t<\/td>\n\n\t\t\t\t\t<\/tr>\n\t\t\t\t\t\n\t\t\t\n\t\t\t<tr>\n\t\t\t\t<td colspan=\"6\" class=\"actions\">\n\n\t\t\t\t\t\t\t\t\t\t\t<div class=\"coupon\">\n\t\t\t\t\t\t\t<label for=\"coupon_code\">Cupom:<\/label> <input type=\"text\" name=\"coupon_code\" class=\"input-text\" id=\"coupon_code\" value=\"\" placeholder=\"C\u00f3digo do cupom\" \/> <button type=\"submit\" class=\"button\" name=\"apply_coupon\" value=\"Aplicar cupom\">Aplicar cupom<\/button>\n\t\t\t\t\t\t\t\t\t\t\t\t\t<\/div>\n\t\t\t\t\t\n\t\t\t\t\t<button type=\"submit\" class=\"button\" name=\"update_cart\" value=\"Atualizar carrinho\">Atualizar carrinho<\/button>\n\n\t\t\t\t\t\n\t\t\t\t\t<input type=\"hidden\" id=\"woocommerce-cart-nonce\" name=\"woocommerce-cart-nonce\" value=\"8fa2eeb0fd\" \/><input type=\"hidden\" name=\"_wp_http_referer\" value=\"\/index.php?rest_route=%2Fwp%2Fv2%2Fpages%2F5\" \/>\n\t\t\t\t<\/td>\n\t\t\t<\/tr>\n\n\t\t\t\t\t<\/tbody>\n\t<\/table>\n\t<\/form>\n\n\n<div class=\"cart-collaterals\">\n\t<div class=\"cart_totals \">\n\n\t\n\t<h4>Total no carrinho<\/h4>\n\n\t<table cellspacing=\"0\" class=\"shop_table shop_table_responsive\">\n\n\t\t<tr class=\"cart-subtotal\">\n\t\t\t<th>Subtotal<\/th>\n\t\t\t<td data-title=\"Subtotal\"><span class=\"woocommerce-Price-amount amount\"><bdi><span class=\"woocommerce-Price-currencySymbol\">&#82;&#36;<\/span>&nbsp;237,00<\/bdi><\/span><\/td>\n\t\t<\/tr>\n\n\t\t\n\t\t\n\t\t\t\n\t\t\t<tr class=\"woocommerce-shipping-totals shipping\">\n\t<th>Entrega<\/th>\n\t<td data-title=\"Entrega\">\n\t\t<span class=\"woocommerce-shipping-may-be-available-html e-checkout-message e-cart-content\">Digite seu endere\u00e7o para ver as op\u00e7\u00f5es de entrega.<\/span>\n\t\t\n\t\t\t\t\t\n<form class=\"woocommerce-shipping-calculator\" action=\"https:\/\/brunaelizabethsemijoias.com\/?page_id=5\" method=\"post\">\n\n\t<a href=\"#\" class=\"shipping-calculator-button\" aria-expanded=\"false\" aria-controls=\"shipping-calculator-form\" role=\"button\">Calcular entrega<\/a>\n\t<section class=\"shipping-calculator-form\" id=\"shipping-calculator-form\" style=\"display:none;\">\n\n\t\t\t\t\t<p class=\"form-row form-row-wide\" id=\"calc_shipping_country_field\">\n\t\t\t\t<label for=\"calc_shipping_country\">Pa\u00eds \/ regi\u00e3o<\/label>\n\t\t\t\t<select name=\"calc_shipping_country\" id=\"calc_shipping_country\" class=\"country_to_state country_select\" rel=\"calc_shipping_state\">\n\t\t\t\t\t<option value=\"default\">Selecione um pa\u00eds&hellip;<\/option>\n\t\t\t\t\t<option value=\"BR\">Brasil<\/option>\t\t\t\t<\/select>\n\t\t\t<\/p>\n\t\t\n\t\t\t\t\t<p class=\"form-row form-row-wide\" id=\"calc_shipping_state_field\">\n\t\t\t\t\t\t\t\t\t<label for=\"calc_shipping_state\">Estado<\/label>\n\t\t\t\t\t<input type=\"text\" class=\"input-text\" value=\"\" name=\"calc_shipping_state\" id=\"calc_shipping_state\" \/>\n\t\t\t\t\t\t\t\t<\/p>\n\t\t\n\t\t\t\t\t<p class=\"form-row form-row-wide\" id=\"calc_shipping_city_field\">\n\t\t\t\t<label for=\"calc_shipping_city\">Cidade:<\/label>\n\t\t\t\t<input type=\"text\" class=\"input-text\" value=\"\" name=\"calc_shipping_city\" id=\"calc_shipping_city\" \/>\n\t\t\t<\/p>\n\t\t\n\t\t\t\t\t<p class=\"form-row form-row-wide\" id=\"calc_shipping_postcode_field\">\n\t\t\t\t<label for=\"calc_shipping_postcode\">C\u00f3digo postal \/ CEP:<\/label>\n\t\t\t\t<input type=\"text\" class=\"input-text\" value=\"\" name=\"calc_shipping_postcode\" id=\"calc_shipping_postcode\" \/>\n\t\t\t<\/p>\n\t\t\n\t\t<p><button type=\"submit\" name=\"calc_shipping\" value=\"1\" class=\"button\">Atualizar<\/button><\/p>\n\t\t<input type=\"hidden\" id=\"woocommerce-shipping-calculator-nonce\" name=\"woocommerce-shipping-calculator-nonce\" value=\"ae49b5d675\" \/><input type=\"hidden\" name=\"_wp_http_referer\" value=\"\/index.php?rest_route=%2Fwp%2Fv2%2Fpages%2F5\" \/>\t<\/section>\n<\/form>\n\n\t\t\t<\/td>\n<\/tr>\n\n\t\t\t\n\t\t\n\t\t\n\t\t\n\t\t\n\t\t<tr class=\"order-total\">\n\t\t\t<th>Total<\/th>\n\t\t\t<td data-title=\"Total\"><strong><span class=\"woocommerce-Price-amount amount\"><bdi><span class=\"woocommerce-Price-currencySymbol\">&#82;&#36;<\/span>&nbsp;237,00<\/bdi><\/span><\/strong> <\/td>\n\t\t<\/tr>\n\n\t\t\n\t<\/table>\n\n\t<div class=\"wc-proceed-to-checkout\">\n\t\t\t<a href=\"https:\/\/brunaelizabethsemijoias.com\/?page_id=6\" class=\"checkout-button button alt wc-forward\">\n\t\tFINALIZAR COMPRA\t<\/a>\n\t\t<\/div>\n\n\t<div id=\"ppcp-recaptcha-v2-container\" style=\"margin:20px 0;\"><\/div><a href=\"https:\/\/brunaelizabethsemijoias.com\/?page_id=4\" class=\"mfn-woo-cart-link\">Continuar comprando<\/a>\n<\/div>\n<\/div>\n\n<\/div>\n","protected":false},"excerpt":{"rendered":"","protected":false},"author":1,"featured_media":0,"parent":0,"menu_order":0,"comment_status":"open","ping_status":"open","template":"","meta":{"footnotes":""},"class_list":["post-5","page","type-page","status-publish","hentry"],"_links":{"self":[{"href":"https:\/\/brunaelizabethsemijoias.com\/index.php?rest_route=\/wp\/v2\/pages\/5","targetHints":{"allow":["GET"]}}],"collection":[{"href":"https:\/\/brunaelizabethsemijoias.com\/index.php?rest_route=\/wp\/v2\/pages"}],"about":[{"href":"https:\/\/brunaelizabethsemijoias.com\/index.php?rest_route=\/wp\/v2\/types\/page"}],"author":[{"embeddable":true,"href":"https:\/\/brunaelizabethsemijoias.com\/index.php?rest_route=\/wp\/v2\/users\/1"}],"replies":[{"embeddable":true,"href":"https:\/\/brunaelizabethsemijoias.com\/index.php?rest_route=%2Fwp%2Fv2%2Fcomments&post=5"}],"version-history":[{"count":1,"href":"https:\/\/brunaelizabethsemijoias.com\/index.php?rest_route=\/wp\/v2\/pages\/5\/revisions"}],"predecessor-version":[{"id":3069,"href":"https:\/\/brunaelizabethsemijoias.com\/index.php?rest_route=\/wp\/v2\/pages\/5\/revisions\/3069"}],"wp:attachment":[{"href":"https:\/\/brunaelizabethsemijoias.com\/index.php?rest_route=%2Fwp%2Fv2%2Fmedia&parent=5"}],"curies":[{"name":"wp","href":"https:\/\/api.w.org\/{rel}","templated":true}]}}